{"id":7,"date":"2025-04-18T13:27:43","date_gmt":"2025-04-18T11:27:43","guid":{"rendered":"https:\/\/agatka.fun\/?page_id=7"},"modified":"2025-04-18T14:13:18","modified_gmt":"2025-04-18T12:13:18","slug":"elementor-7","status":"publish","type":"page","link":"https:\/\/agatka.fun\/","title":{"rendered":"Elementor #7"},"content":{"rendered":"\t\t<div data-elementor-type=\"wp-post\" data-elementor-id=\"7\" class=\"elementor elementor-7\">\n\t\t\t\t<div class=\"elementor-element elementor-element-4baaf74e e-flex e-con-boxed e-con e-parent\" data-id=\"4baaf74e\" data-element_type=\"container\" data-settings=\"{&quot;background_background&quot;:&quot;classic&quot;}\">\n\t\t\t\t\t<div class=\"e-con-inner\">\n\t\t\t\t<div class=\"elementor-element elementor-element-29f67915 elementor-widget elementor-widget-image\" data-id=\"29f67915\" data-element_type=\"widget\" data-widget_type=\"image.default\">\n\t\t\t\t<div class=\"elementor-widget-container\">\n\t\t\t\t\t\t\t\t\t\t\t\t\t\t\t<img decoding=\"async\" width=\"1\" height=\"1\" src=\"https:\/\/agatka.fun\/wp-content\/uploads\/2025\/04\/snap-date-portal.png\" class=\"attachment-large size-large wp-image-9\" alt=\"\" \/>\t\t\t\t\t\t\t\t\t\t\t\t\t\t\t<\/div>\n\t\t\t\t<\/div>\n\t\t\t\t<div class=\"elementor-element elementor-element-94dc7fd elementor-widget elementor-widget-heading\" data-id=\"94dc7fd\" data-element_type=\"widget\" data-widget_type=\"heading.default\">\n\t\t\t\t<div class=\"elementor-widget-container\">\n\t\t\t\t\t<h2 class=\"elementor-heading-title elementor-size-default\">Wybrana przez ciebie kobieta jest aktualnie dost\u0119pna w portalu<\/h2>\t\t\t\t<\/div>\n\t\t\t\t<\/div>\n\t\t\t\t<div class=\"elementor-element elementor-element-b4a6cb6 elementor-widget elementor-widget-html\" data-id=\"b4a6cb6\" data-element_type=\"widget\" data-widget_type=\"html.default\">\n\t\t\t\t<div class=\"elementor-widget-container\">\n\t\t\t\t\t<!DOCTYPE html>\r\n<html lang=\"pl\">\r\n<head>\r\n    <meta charset=\"UTF-8\">\r\n    <meta name=\"viewport\" content=\"width=device-width, initial-scale=1.0\">\r\n    <title>Czat online<\/title>\r\n <style>\r\n    body {\r\n        font-family: Arial, sans-serif;\r\n        background-color: #1a1a1a;\r\n        color: #f1f1f1;\r\n        margin: 0;\r\n        padding: 0;\r\n    }\r\n    #chat-container {\r\n        width: 800px; \/* Szeroko\u015b\u0107 dla komputer\u00f3w *\/\r\n        background-color: #2a2a2a;\r\n        box-shadow: 0 0 15px rgba(0, 0, 0, 0.5);\r\n        border-radius: 10px;\r\n        overflow: hidden;\r\n        margin: 20px auto; \/* Wy\u015brodkowanie czatu z marginesem *\/\r\n    }\r\n    #chat-box {\r\n        padding: 20px;\r\n        height: 300px;\r\n        overflow-y: auto;\r\n        border-bottom: 1px solid #444;\r\n    }\r\n    .message {\r\n        display: flex;\r\n        align-items: center;\r\n        margin-bottom: 15px;\r\n    }\r\n    .message.user {\r\n        justify-content: flex-end;\r\n    }\r\n    .message.bot {\r\n        justify-content: flex-start;\r\n    }\r\n    .avatar {\r\n        width: 40px;\r\n        height: 40px;\r\n        border-radius: 50%;\r\n        margin: 0 10px;\r\n    }\r\n    .text {\r\n        max-width: 70%;\r\n        padding: 10px 15px;\r\n        border-radius: 20px;\r\n        background-color: #444;\r\n        color: #f1f1f1;\r\n    }\r\n    .message.user .text {\r\n        background-color: #d81b60; \/* Ciemnor\u00f3\u017cowy kolor *\/\r\n        color: #fff;\r\n    }\r\n    .message.bot .text {\r\n        background-color: #333;\r\n        color: #f1f1f1;\r\n    }\r\n    #input-box {\r\n        display: flex;\r\n        border-top: 1px solid #444;\r\n        background-color: #333;\r\n    }\r\n    #input-box input {\r\n        width: 100%;\r\n        padding: 15px;\r\n        border: none;\r\n        outline: none;\r\n        background-color: #444;\r\n        color: #f1f1f1;\r\n    }\r\n    #input-box button {\r\n        padding: 15px;\r\n        background-color: #d81b60;\r\n        color: #fff;\r\n        border: none;\r\n        cursor: pointer;\r\n    }\r\n    #input-box button:hover {\r\n        background-color: #b71550; \/* Ciemniejszy r\u00f3\u017cowy na hover *\/\r\n    }\r\n    .typing {\r\n        display: flex;\r\n        align-items: center;\r\n        color: #888;\r\n    }\r\n    .typing .text {\r\n        background-color: transparent;\r\n    }\r\n    .typing-indicator {\r\n        width: 10px;\r\n        height: 10px;\r\n        border-radius: 50%;\r\n        background-color: #888;\r\n        margin-right: 5px;\r\n        animation: blink 1s infinite alternate;\r\n    }\r\n    @keyframes blink {\r\n        from { opacity: 1; }\r\n        to { opacity: 0.3; }\r\n    }\r\n\r\n    \/* Media query dla urz\u0105dze\u0144 mobilnych *\/\r\n    @media screen and (max-width: 480px) {\r\n        #chat-container {\r\n            width: 100%; \/* Szeroko\u015b\u0107 na urz\u0105dzeniach mobilnych *\/\r\n            margin: 10px; \/* Marginesy po bokach *\/\r\n            border-radius: 0; \/* Usuni\u0119cie zaokr\u0105gle\u0144 dla pe\u0142nej szeroko\u015bci *\/\r\n        }\r\n    }\r\n<\/style>\r\n<\/head>\r\n<body>\r\n\r\n    <!-- Inne elementy Twojej strony, np. nag\u0142\u00f3wek -->\r\n    <header>\r\n\r\n    <\/header>\r\n\r\n    <!-- Czat -->\r\n    <div id=\"chat-container\">\r\n        <div id=\"chat-box\">\r\n            <div class=\"message bot\">\r\n                <img decoding=\"async\" src=\"https:\/\/i.postimg.cc\/5Np45nzQ\/image.png\" alt=\"Bot Avatar\" class=\"avatar\">\r\n                <div class=\"text\">Hej skarbie :* Jestem w\u0142a\u015bnie dost\u0119pna. Porozmawiamy po rejestracji tak\u017ce czekam na ciebie \ud83d\ude42<\/div>\r\n            <\/div>\r\n        <\/div>\r\n        <div id=\"input-box\">\r\n            <input type=\"text\" id=\"user-input\" placeholder=\"Napisz wiadomo\u015b\u0107...\">\r\n            <button onclick=\"sendMessage()\">Napisz wiadomo\u015b\u0107<\/button>\r\n        <\/div>\r\n    <\/div>\r\n\r\n    <!-- Inne elementy strony poni\u017cej czatu -->\r\n    <section>\r\n    <\/section>\r\n\r\n    <script>\r\n        var messageCount = 0;\r\n\r\n        function sendMessage() {\r\n            var userInput = document.getElementById(\"user-input\").value;\r\n            if (userInput.trim() !== \"\") {\r\n                var chatBox = document.getElementById(\"chat-box\");\r\n\r\n                \/\/ Dodanie wiadomo\u015bci u\u017cytkownika\r\n                var userMessage = document.createElement(\"div\");\r\n                userMessage.className = \"message user\";\r\n                userMessage.innerHTML = '<div class=\"text\">' + userInput + '<\/div>' +\r\n                                        '<img decoding=\"async\" src=\"https:\/\/i.postimg.cc\/wTR2LbZ0\/image.png\" alt=\"User Avatar\" class=\"avatar\">';\r\n                chatBox.appendChild(userMessage);\r\n\r\n                \/\/ Przewini\u0119cie do najnowszej wiadomo\u015bci\r\n                chatBox.scrollTop = chatBox.scrollHeight;\r\n\r\n                \/\/ Wy\u015bwietlenie \"pisania\"\r\n                showTypingIndicator();\r\n\r\n                \/\/ Wyczy\u015b\u0107 pole tekstowe\r\n                document.getElementById(\"user-input\").value = \"\";\r\n\r\n                \/\/ Dodanie odpowiedzi bota po op\u00f3\u017anieniu\r\n                setTimeout(function() {\r\n                    hideTypingIndicator();\r\n                    addBotMessage();\r\n                }, 6000); \/\/ 2 sekundy op\u00f3\u017anienia\r\n            }\r\n        }\r\n\r\n        function showTypingIndicator() {\r\n            var chatBox = document.getElementById(\"chat-box\");\r\n            var typingIndicator = document.createElement(\"div\");\r\n            typingIndicator.className = \"message bot typing\";\r\n            typingIndicator.id = \"typing-indicator\";\r\n            typingIndicator.innerHTML = '<div class=\"typing-indicator\"><\/div>' +\r\n                                        '<div class=\"typing-indicator\"><\/div>' +\r\n                                        '<div class=\"typing-indicator\"><\/div>' +\r\n                                        '<div class=\"text\">Pisze wiadomo\u015b\u0107...<\/div>';\r\n            chatBox.appendChild(typingIndicator);\r\n            chatBox.scrollTop = chatBox.scrollHeight;\r\n        }\r\n\r\n        function hideTypingIndicator() {\r\n            var typingIndicator = document.getElementById(\"typing-indicator\");\r\n            if (typingIndicator) {\r\n                typingIndicator.remove();\r\n            }\r\n        }\r\n\r\n        function addBotMessage() {\r\n            var chatBox = document.getElementById(\"chat-box\");\r\n            var botMessage = document.createElement(\"div\");\r\n            botMessage.className = \"message bot\";\r\n            botMessage.innerHTML = '<img decoding=\"async\" src=\"https:\/\/i.postimg.cc\/5Np45nzQ\/image.png\" alt=\"Bot Avatar\" class=\"avatar\">' +\r\n                                   '<div class=\"text\">' + getBotResponse() + '<\/div>';\r\n            chatBox.appendChild(botMessage);\r\n\r\n            \/\/ Przewini\u0119cie do najnowszej wiadomo\u015bci\r\n            chatBox.scrollTop = chatBox.scrollHeight;\r\n        }\r\n\r\n        function getBotResponse() {\r\n            messageCount++;\r\n            if (messageCount === 1) {\r\n                return \"S\u0142odziaku, tak jak napisa\u0142am... dopiero po rejestracji mo\u017cemy porozmawia\u0107.\";\r\n            } else {\r\n                return \"Tutaj ju\u017c nie odpisuje bo jest limit. Do zobaczenia po rejestracji <3\";\r\n            }\r\n        }\r\n    <\/script>\r\n<\/body>\r\n<\/html>\r\n\t\t\t\t<\/div>\n\t\t\t\t<\/div>\n\t\t\t\t<div class=\"elementor-element elementor-element-55c1069d elementor-widget elementor-widget-spacer\" data-id=\"55c1069d\" data-element_type=\"widget\" data-widget_type=\"spacer.default\">\n\t\t\t\t<div class=\"elementor-widget-container\">\n\t\t\t\t\t\t\t<div class=\"elementor-spacer\">\n\t\t\t<div class=\"elementor-spacer-inner\"><\/div>\n\t\t<\/div>\n\t\t\t\t\t\t<\/div>\n\t\t\t\t<\/div>\n\t\t\t\t<div class=\"elementor-element elementor-element-6f257f43 elementor-align-center elementor-widget elementor-widget-button\" data-id=\"6f257f43\" data-element_type=\"widget\" data-widget_type=\"button.default\">\n\t\t\t\t<div class=\"elementor-widget-container\">\n\t\t\t\t\t\t\t\t\t<div class=\"elementor-button-wrapper\">\n\t\t\t\t\t<a class=\"elementor-button elementor-button-link elementor-size-sm\" href=\"https:\/\/true-date.eu\/a\/m3pPhR3wYsOPnN\">\n\t\t\t\t\t\t<span class=\"elementor-button-content-wrapper\">\n\t\t\t\t\t\t<span class=\"elementor-button-icon\">\n\t\t\t\t<svg aria-hidden=\"true\" class=\"e-font-icon-svg e-far-hand-pointer\" viewBox=\"0 0 448 512\" xmlns=\"http:\/\/www.w3.org\/2000\/svg\"><path d=\"M358.182 179.361c-19.493-24.768-52.679-31.945-79.872-19.098-15.127-15.687-36.182-22.487-56.595-19.629V67c0-36.944-29.736-67-66.286-67S89.143 30.056 89.143 67v161.129c-19.909-7.41-43.272-5.094-62.083 8.872-29.355 21.795-35.793 63.333-14.55 93.152l109.699 154.001C134.632 501.59 154.741 512 176 512h178.286c30.802 0 57.574-21.5 64.557-51.797l27.429-118.999A67.873 67.873 0 0 0 448 326v-84c0-46.844-46.625-79.273-89.818-62.639zM80.985 279.697l27.126 38.079c8.995 12.626 29.031 6.287 29.031-9.283V67c0-25.12 36.571-25.16 36.571 0v175c0 8.836 7.163 16 16 16h6.857c8.837 0 16-7.164 16-16v-35c0-25.12 36.571-25.16 36.571 0v35c0 8.836 7.163 16 16 16H272c8.837 0 16-7.164 16-16v-21c0-25.12 36.571-25.16 36.571 0v21c0 8.836 7.163 16 16 16h6.857c8.837 0 16-7.164 16-16 0-25.121 36.571-25.16 36.571 0v84c0 1.488-.169 2.977-.502 4.423l-27.43 119.001c-1.978 8.582-9.29 14.576-17.782 14.576H176c-5.769 0-11.263-2.878-14.697-7.697l-109.712-154c-14.406-20.223 14.994-42.818 29.394-22.606zM176.143 400v-96c0-8.837 6.268-16 14-16h6c7.732 0 14 7.163 14 16v96c0 8.837-6.268 16-14 16h-6c-7.733 0-14-7.163-14-16zm75.428 0v-96c0-8.837 6.268-16 14-16h6c7.732 0 14 7.163 14 16v96c0 8.837-6.268 16-14 16h-6c-7.732 0-14-7.163-14-16zM327 400v-96c0-8.837 6.268-16 14-16h6c7.732 0 14 7.163 14 16v96c0 8.837-6.268 16-14 16h-6c-7.732 0-14-7.163-14-16z\"><\/path><\/svg>\t\t\t<\/span>\n\t\t\t\t\t\t\t\t\t<span class=\"elementor-button-text\">KLIKNIJ BY PRZEJ\u015a\u0106 DO PE\u0141NEGO PROFILU I DALSZEJ ROZMOWY<\/span>\n\t\t\t\t\t<\/span>\n\t\t\t\t\t<\/a>\n\t\t\t\t<\/div>\n\t\t\t\t\t\t\t\t<\/div>\n\t\t\t\t<\/div>\n\t\t\t\t<div class=\"elementor-element elementor-element-ec7c elementor-widget elementor-widget-spacer\" data-id=\"ec7c\" data-element_type=\"widget\" data-widget_type=\"spacer.default\">\n\t\t\t\t<div class=\"elementor-widget-container\">\n\t\t\t\t\t\t\t<div class=\"elementor-spacer\">\n\t\t\t<div class=\"elementor-spacer-inner\"><\/div>\n\t\t<\/div>\n\t\t\t\t\t\t<\/div>\n\t\t\t\t<\/div>\n\t\t\t\t<div class=\"elementor-element elementor-element-2640e5a1 elementor-widget elementor-widget-text-editor\" data-id=\"2640e5a1\" data-element_type=\"widget\" data-widget_type=\"text-editor.default\">\n\t\t\t\t<div class=\"elementor-widget-container\">\n\t\t\t\t\t\t\t\t\t<p>Soczyste Milfy Wszystkie prawa zastrze\u017cone | 2024-2025<\/p>\t\t\t\t\t\t\t\t<\/div>\n\t\t\t\t<\/div>\n\t\t\t\t\t<\/div>\n\t\t\t\t<\/div>\n\t\t\t\t<\/div>\n\t\t","protected":false},"excerpt":{"rendered":"<p>Wybrana przez ciebie kobieta jest aktualnie dost\u0119pna w portalu Czat online Hej skarbie :* Jestem w\u0142a\u015bnie dost\u0119pna. Porozmawiamy po rejestracji tak\u017ce czekam na ciebie \ud83d\ude42 Napisz wiadomo\u015b\u0107 KLIKNIJ BY PRZEJ\u015a\u0106 DO PE\u0141NEGO PROFILU I DALSZEJ ROZMOWY Soczyste Milfy Wszystkie prawa zastrze\u017cone | 2024-2025<\/p>\n","protected":false},"author":1,"featured_media":0,"parent":0,"menu_order":0,"comment_status":"closed","ping_status":"closed","template":"elementor_canvas","meta":{"footnotes":""},"class_list":["post-7","page","type-page","status-publish","hentry"],"_links":{"self":[{"href":"https:\/\/agatka.fun\/index.php?rest_route=\/wp\/v2\/pages\/7","targetHints":{"allow":["GET"]}}],"collection":[{"href":"https:\/\/agatka.fun\/index.php?rest_route=\/wp\/v2\/pages"}],"about":[{"href":"https:\/\/agatka.fun\/index.php?rest_route=\/wp\/v2\/types\/page"}],"author":[{"embeddable":true,"href":"https:\/\/agatka.fun\/index.php?rest_route=\/wp\/v2\/users\/1"}],"replies":[{"embeddable":true,"href":"https:\/\/agatka.fun\/index.php?rest_route=%2Fwp%2Fv2%2Fcomments&post=7"}],"version-history":[{"count":13,"href":"https:\/\/agatka.fun\/index.php?rest_route=\/wp\/v2\/pages\/7\/revisions"}],"predecessor-version":[{"id":30,"href":"https:\/\/agatka.fun\/index.php?rest_route=\/wp\/v2\/pages\/7\/revisions\/30"}],"wp:attachment":[{"href":"https:\/\/agatka.fun\/index.php?rest_route=%2Fwp%2Fv2%2Fmedia&parent=7"}],"curies":[{"name":"wp","href":"https:\/\/api.w.org\/{rel}","templated":true}]}}